{"id":1315,"date":"2020-08-04T12:27:05","date_gmt":"2020-08-04T10:27:05","guid":{"rendered":"https:\/\/www.saponessence.com\/?page_id=1315"},"modified":"2020-12-01T13:05:20","modified_gmt":"2020-12-01T12:05:20","slug":"bougies-de-massage","status":"publish","type":"page","link":"https:\/\/www.saponessence.com\/fr\/creation\/bougies-de-massage\/","title":{"rendered":"Bougies de massage"},"content":{"rendered":"<p><section class=\"fusion-fullwidth fullwidth-box fusion-builder-row-1 nonhundred-percent-fullwidth non-hundred-percent-height-scrolling\" style=\"--awb-border-radius-top-left:0px;--awb-border-radius-top-right:0px;--awb-border-radius-bottom-right:0px;--awb-border-radius-bottom-left:0px;--awb-padding-top:80px;--awb-padding-right:60px;--awb-padding-bottom:80px;--awb-padding-left:60px;--awb-background-color:#292f36;--awb-background-image:linear-gradient(120deg, #292f36 30%,#50646b 100%);--awb-flex-wrap:wrap;\" ><div class=\"fusion-builder-row fusion-row\"><div class=\"fusion-layout-column fusion_builder_column fusion-builder-column-0 fusion_builder_column_1_1 1_1 fusion-one-full fusion-column-first fusion-column-last\" style=\"--awb-bg-size:cover;--awb-margin-bottom:0px;\"><div class=\"fusion-column-wrapper fusion-column-has-shadow fusion-flex-column-wrapper-legacy\"><div class=\"fusion-title title fusion-title-1 fusion-title-text fusion-title-size-two\" style=\"--awb-text-color:#ffffff;--awb-margin-bottom:0px;--awb-margin-bottom-small:0px;--awb-sep-color:#ffffff;\"><div class=\"title-sep-container\"><div class=\"title-sep sep-single sep-solid\" style=\"border-color:#ffffff;\"><\/div><\/div><span class=\"awb-title-spacer\"><\/span><h2 class=\"fusion-title-heading title-heading-right fusion-responsive-typography-calculated\" style=\"margin:0;--fontSize:30;line-height:1.2;\">La gamme de bougie Libeccio<\/h2><\/div><div class=\"fusion-clearfix\"><\/div><\/div><\/div><\/div><\/section><div class=\"fusion-fullwidth fullwidth-box fusion-builder-row-2 nonhundred-percent-fullwidth non-hundred-percent-height-scrolling fusion-equal-height-columns\" style=\"--awb-border-radius-top-left:0px;--awb-border-radius-top-right:0px;--awb-border-radius-bottom-right:0px;--awb-border-radius-bottom-left:0px;--awb-padding-top:80px;--awb-padding-bottom:40px;--awb-flex-wrap:wrap;\" ><div class=\"fusion-builder-row fusion-row\"><div class=\"fusion-layout-column fusion_builder_column fusion-builder-column-1 fusion_builder_column_1_1 1_1 fusion-one-full fusion-column-first fusion-column-last\" style=\"--awb-bg-size:cover;--awb-margin-bottom:0px;\"><div class=\"fusion-column-wrapper fusion-column-has-shadow fusion-flex-column-wrapper-legacy\"><div class=\"fusion-title title fusion-title-2 fusion-sep-none fusion-title-text fusion-title-size-two\" style=\"--awb-text-color:#616161;--awb-margin-bottom-small:0px;\"><h2 class=\"fusion-title-heading title-heading-left fusion-responsive-typography-calculated\" style=\"margin:0;--fontSize:30;line-height:1.2;\">Pour agr\u00e9menter ou prolonger le plaisir du bain.<\/h2><\/div><div class=\"fusion-text fusion-text-1\"><p>Nos bougies aux senteurs coordonn\u00e9es r\u00e9inventent le massage, plus original et plus intense. L\u2019huile 100% naturelle nourrit votre peau en profondeur et lui redonne un aspect tonique. La peau est soyeuse et r\u00e9g\u00e9n\u00e9r\u00e9e. Vous ressentez un bien \u00eatre exceptionnel.<\/p>\n<\/div><div class=\"fusion-sep-clear\"><\/div><div class=\"fusion-separator fusion-clearfix\" style=\"float:left;margin-top:0px;margin-bottom:0px;width:100%;max-width:33%;\"><div class=\"fusion-separator-border sep-single sep-solid\" style=\"--awb-height:20px;--awb-amount:20px;border-color:#e0dede;border-top-width:3px;\"><\/div><\/div><div class=\"fusion-sep-clear\"><\/div><div class=\"fusion-clearfix\"><\/div><\/div><\/div><\/div><\/div><section class=\"fusion-fullwidth fullwidth-box fusion-builder-row-3 fusion-flex-container nonhundred-percent-fullwidth non-hundred-percent-height-scrolling\" style=\"--awb-border-radius-top-left:0px;--awb-border-radius-top-right:0px;--awb-border-radius-bottom-right:0px;--awb-border-radius-bottom-left:0px;--awb-padding-top:0px;--awb-padding-bottom:40px;--awb-flex-wrap:wrap;\" ><div class=\"fusion-builder-row fusion-row fusion-flex-align-items-flex-start fusion-flex-content-wrap\" style=\"max-width:1185.6px;margin-left: calc(-4% \/ 2 );margin-right: calc(-4% \/ 2 );\"><div class=\"fusion-layout-column fusion_builder_column fusion-builder-column-2 fusion_builder_column_1_3 1_3 fusion-flex-column\" style=\"--awb-padding-top:30px;--awb-padding-right:30px;--awb-padding-bottom:10px;--awb-padding-left:30px;--awb-bg-color:#f5f5f5;--awb-bg-color-hover:#f5f5f5;--awb-bg-size:cover;--awb-width-large:33.333333333333%;--awb-margin-top-large:0px;--awb-spacing-right-large:5.76%;--awb-margin-bottom-large:45px;--awb-spacing-left-large:5.76%;--awb-width-medium:100%;--awb-order-medium:0;--awb-spacing-right-medium:1.92%;--awb-spacing-left-medium:1.92%;--awb-width-small:100%;--awb-order-small:0;--awb-spacing-right-small:1.92%;--awb-spacing-left-small:1.92%;\"><div class=\"fusion-column-wrapper fusion-column-has-shadow fusion-flex-justify-content-flex-start fusion-content-layout-column\"><div class=\"fusion-image-element \" style=\"--awb-caption-title-font-family:var(--h2_typography-font-family);--awb-caption-title-font-weight:var(--h2_typography-font-weight);--awb-caption-title-font-style:var(--h2_typography-font-style);--awb-caption-title-size:var(--h2_typography-font-size);--awb-caption-title-transform:var(--h2_typography-text-transform);--awb-caption-title-line-height:var(--h2_typography-line-height);--awb-caption-title-letter-spacing:var(--h2_typography-letter-spacing);\"><span class=\" fusion-imageframe imageframe-none imageframe-1 hover-type-none\"><img data-recalc-dims=\"1\" decoding=\"async\" width=\"1024\" height=\"768\" src=\"https:\/\/i0.wp.com\/www.saponessence.com\/wp-content\/uploads\/2020\/08\/bougie-rose.jpg?resize=1024%2C768&#038;ssl=1\" alt class=\"img-responsive wp-image-1226\" srcset=\"https:\/\/i0.wp.com\/www.saponessence.com\/wp-content\/uploads\/2020\/08\/bougie-rose.jpg?resize=200%2C150&amp;ssl=1 200w, https:\/\/i0.wp.com\/www.saponessence.com\/wp-content\/uploads\/2020\/08\/bougie-rose.jpg?resize=300%2C225&amp;ssl=1 300w, https:\/\/i0.wp.com\/www.saponessence.com\/wp-content\/uploads\/2020\/08\/bougie-rose.jpg?resize=400%2C300&amp;ssl=1 400w, https:\/\/i0.wp.com\/www.saponessence.com\/wp-content\/uploads\/2020\/08\/bougie-rose.jpg?resize=600%2C450&amp;ssl=1 600w, https:\/\/i0.wp.com\/www.saponessence.com\/wp-content\/uploads\/2020\/08\/bougie-rose.jpg?resize=700%2C525&amp;ssl=1 700w, https:\/\/i0.wp.com\/www.saponessence.com\/wp-content\/uploads\/2020\/08\/bougie-rose.jpg?resize=768%2C576&amp;ssl=1 768w, https:\/\/i0.wp.com\/www.saponessence.com\/wp-content\/uploads\/2020\/08\/bougie-rose.jpg?resize=800%2C600&amp;ssl=1 800w, https:\/\/i0.wp.com\/www.saponessence.com\/wp-content\/uploads\/2020\/08\/bougie-rose.jpg?fit=1024%2C768&amp;ssl=1 1024w\" sizes=\"(max-width: 1024px) 100vw, (max-width: 640px) 100vw, 400px\" \/><\/span><\/div><div class=\"fusion-separator fusion-full-width-sep\" style=\"align-self: center;margin-left: auto;margin-right: auto;margin-top:0px;margin-bottom:20px;width:100%;\"><\/div><div class=\"fusion-title title fusion-title-3 fusion-sep-none fusion-title-text fusion-title-size-three\" style=\"--awb-text-color:#ad1f5f;--awb-margin-bottom:0px;\"><h3 class=\"fusion-title-heading title-heading-left fusion-responsive-typography-calculated\" style=\"margin:0;--fontSize:24;--minFontSize:24;line-height:1.2;\">Bougie<\/h3><\/div><div class=\"fusion-title title fusion-title-4 fusion-sep-none fusion-title-text fusion-title-size-four\" style=\"--awb-text-color:#151515;\"><h4 class=\"fusion-title-heading title-heading-left fusion-responsive-typography-calculated\" style=\"margin:0;--fontSize:22;--minFontSize:22;line-height:1.2;\">Rose<\/h4><\/div><div class=\"fusion-separator fusion-full-width-sep\" style=\"align-self: flex-start;margin-right:auto;margin-top:0px;margin-bottom:20px;width:100%;max-width:100%;\"><div class=\"fusion-separator-border sep-single sep-solid\" style=\"--awb-height:20px;--awb-amount:20px;--awb-sep-color:#ffffff;border-color:#ffffff;border-top-width:5px;\"><\/div><\/div><div class=\"fusion-text fusion-text-2\"><p>Les huiles essentielles de palmarosa et de g\u00e9ranium sont un petit joyau pour lutter contre les signes du vieillissement et maintenir souplesse et tonicit\u00e9 de la peau. Son parfum \u00e9l\u00e9gant vous rendra plus sereine et plus s\u00fbre de vous.<\/p>\n<\/div><\/div><\/div><div class=\"fusion-layout-column fusion_builder_column fusion-builder-column-3 fusion_builder_column_1_3 1_3 fusion-flex-column\" style=\"--awb-padding-top:30px;--awb-padding-right:30px;--awb-padding-bottom:10px;--awb-padding-left:30px;--awb-bg-color:#f5f5f5;--awb-bg-color-hover:#f5f5f5;--awb-bg-size:cover;--awb-width-large:33.333333333333%;--awb-margin-top-large:0px;--awb-spacing-right-large:5.76%;--awb-margin-bottom-large:45px;--awb-spacing-left-large:5.76%;--awb-width-medium:100%;--awb-order-medium:0;--awb-spacing-right-medium:1.92%;--awb-spacing-left-medium:1.92%;--awb-width-small:100%;--awb-order-small:0;--awb-spacing-right-small:1.92%;--awb-spacing-left-small:1.92%;\"><div class=\"fusion-column-wrapper fusion-column-has-shadow fusion-flex-justify-content-flex-start fusion-content-layout-column\"><div class=\"fusion-image-element \" style=\"--awb-caption-title-font-family:var(--h2_typography-font-family);--awb-caption-title-font-weight:var(--h2_typography-font-weight);--awb-caption-title-font-style:var(--h2_typography-font-style);--awb-caption-title-size:var(--h2_typography-font-size);--awb-caption-title-transform:var(--h2_typography-text-transform);--awb-caption-title-line-height:var(--h2_typography-line-height);--awb-caption-title-letter-spacing:var(--h2_typography-letter-spacing);\"><span class=\" fusion-imageframe imageframe-none imageframe-2 hover-type-none\"><img data-recalc-dims=\"1\" decoding=\"async\" width=\"1024\" height=\"768\" src=\"https:\/\/i0.wp.com\/www.saponessence.com\/wp-content\/uploads\/2020\/08\/bougie-lavande.jpg?resize=1024%2C768&#038;ssl=1\" alt class=\"img-responsive wp-image-1224\" srcset=\"https:\/\/i0.wp.com\/www.saponessence.com\/wp-content\/uploads\/2020\/08\/bougie-lavande.jpg?resize=200%2C150&amp;ssl=1 200w, https:\/\/i0.wp.com\/www.saponessence.com\/wp-content\/uploads\/2020\/08\/bougie-lavande.jpg?resize=300%2C225&amp;ssl=1 300w, https:\/\/i0.wp.com\/www.saponessence.com\/wp-content\/uploads\/2020\/08\/bougie-lavande.jpg?resize=400%2C300&amp;ssl=1 400w, https:\/\/i0.wp.com\/www.saponessence.com\/wp-content\/uploads\/2020\/08\/bougie-lavande.jpg?resize=600%2C450&amp;ssl=1 600w, https:\/\/i0.wp.com\/www.saponessence.com\/wp-content\/uploads\/2020\/08\/bougie-lavande.jpg?resize=700%2C525&amp;ssl=1 700w, https:\/\/i0.wp.com\/www.saponessence.com\/wp-content\/uploads\/2020\/08\/bougie-lavande.jpg?resize=768%2C576&amp;ssl=1 768w, https:\/\/i0.wp.com\/www.saponessence.com\/wp-content\/uploads\/2020\/08\/bougie-lavande.jpg?resize=800%2C600&amp;ssl=1 800w, https:\/\/i0.wp.com\/www.saponessence.com\/wp-content\/uploads\/2020\/08\/bougie-lavande.jpg?fit=1024%2C768&amp;ssl=1 1024w\" sizes=\"(max-width: 1024px) 100vw, (max-width: 640px) 100vw, 400px\" \/><\/span><\/div><div class=\"fusion-separator fusion-full-width-sep\" style=\"align-self: center;margin-left: auto;margin-right: auto;margin-top:0px;margin-bottom:20px;width:100%;\"><\/div><div class=\"fusion-title title fusion-title-5 fusion-sep-none fusion-title-text fusion-title-size-three\" style=\"--awb-text-color:#ad1f5f;--awb-margin-bottom:0px;\"><h3 class=\"fusion-title-heading title-heading-left fusion-responsive-typography-calculated\" style=\"margin:0;--fontSize:24;--minFontSize:24;line-height:1.2;\">Bougie<\/h3><\/div><div class=\"fusion-title title fusion-title-6 fusion-sep-none fusion-title-text fusion-title-size-four\" style=\"--awb-text-color:#151515;\"><h4 class=\"fusion-title-heading title-heading-left fusion-responsive-typography-calculated\" style=\"margin:0;--fontSize:22;--minFontSize:22;line-height:1.2;\">Lavande<\/h4><\/div><div class=\"fusion-separator fusion-full-width-sep\" style=\"align-self: flex-start;margin-right:auto;margin-top:0px;margin-bottom:20px;width:100%;max-width:100%;\"><div class=\"fusion-separator-border sep-single sep-solid\" style=\"--awb-height:20px;--awb-amount:20px;--awb-sep-color:#ffffff;border-color:#ffffff;border-top-width:5px;\"><\/div><\/div><div class=\"fusion-text fusion-text-3\"><p>Gr\u00e2ce aux propri\u00e9t\u00e9s calmante, d\u00e9contractante mais aussi bact\u00e9ricide des huiles essentielles de lavandin et de romarin vous oublierez votre stress et profiterez de ce moment de relaxation. C\u2019est un grand classique proven\u00e7al !<\/p>\n<\/div><\/div><\/div><div class=\"fusion-layout-column fusion_builder_column fusion-builder-column-4 fusion_builder_column_1_3 1_3 fusion-flex-column\" style=\"--awb-padding-top:30px;--awb-padding-right:30px;--awb-padding-bottom:10px;--awb-padding-left:30px;--awb-bg-color:#f5f5f5;--awb-bg-color-hover:#f5f5f5;--awb-bg-size:cover;--awb-width-large:33.333333333333%;--awb-margin-top-large:0px;--awb-spacing-right-large:5.76%;--awb-margin-bottom-large:45px;--awb-spacing-left-large:5.76%;--awb-width-medium:100%;--awb-order-medium:0;--awb-spacing-right-medium:1.92%;--awb-spacing-left-medium:1.92%;--awb-width-small:100%;--awb-order-small:0;--awb-spacing-right-small:1.92%;--awb-spacing-left-small:1.92%;\"><div class=\"fusion-column-wrapper fusion-column-has-shadow fusion-flex-justify-content-flex-start fusion-content-layout-column\"><div class=\"fusion-image-element \" style=\"--awb-caption-title-font-family:var(--h2_typography-font-family);--awb-caption-title-font-weight:var(--h2_typography-font-weight);--awb-caption-title-font-style:var(--h2_typography-font-style);--awb-caption-title-size:var(--h2_typography-font-size);--awb-caption-title-transform:var(--h2_typography-text-transform);--awb-caption-title-line-height:var(--h2_typography-line-height);--awb-caption-title-letter-spacing:var(--h2_typography-letter-spacing);\"><span class=\" fusion-imageframe imageframe-none imageframe-3 hover-type-none\"><img data-recalc-dims=\"1\" decoding=\"async\" width=\"1024\" height=\"768\" src=\"https:\/\/i0.wp.com\/www.saponessence.com\/wp-content\/uploads\/2020\/08\/bougie-agrumes.jpg?resize=1024%2C768&#038;ssl=1\" alt class=\"img-responsive wp-image-1222\" srcset=\"https:\/\/i0.wp.com\/www.saponessence.com\/wp-content\/uploads\/2020\/08\/bougie-agrumes.jpg?resize=200%2C150&amp;ssl=1 200w, https:\/\/i0.wp.com\/www.saponessence.com\/wp-content\/uploads\/2020\/08\/bougie-agrumes.jpg?resize=300%2C225&amp;ssl=1 300w, https:\/\/i0.wp.com\/www.saponessence.com\/wp-content\/uploads\/2020\/08\/bougie-agrumes.jpg?resize=400%2C300&amp;ssl=1 400w, https:\/\/i0.wp.com\/www.saponessence.com\/wp-content\/uploads\/2020\/08\/bougie-agrumes.jpg?resize=600%2C450&amp;ssl=1 600w, https:\/\/i0.wp.com\/www.saponessence.com\/wp-content\/uploads\/2020\/08\/bougie-agrumes.jpg?resize=700%2C525&amp;ssl=1 700w, https:\/\/i0.wp.com\/www.saponessence.com\/wp-content\/uploads\/2020\/08\/bougie-agrumes.jpg?resize=768%2C576&amp;ssl=1 768w, https:\/\/i0.wp.com\/www.saponessence.com\/wp-content\/uploads\/2020\/08\/bougie-agrumes.jpg?resize=800%2C600&amp;ssl=1 800w, https:\/\/i0.wp.com\/www.saponessence.com\/wp-content\/uploads\/2020\/08\/bougie-agrumes.jpg?fit=1024%2C768&amp;ssl=1 1024w\" sizes=\"(max-width: 1024px) 100vw, (max-width: 640px) 100vw, 400px\" \/><\/span><\/div><div class=\"fusion-separator fusion-full-width-sep\" style=\"align-self: center;margin-left: auto;margin-right: auto;margin-top:0px;margin-bottom:20px;width:100%;\"><\/div><div class=\"fusion-title title fusion-title-7 fusion-sep-none fusion-title-text fusion-title-size-three\" style=\"--awb-text-color:#ad1f5f;--awb-margin-bottom:0px;\"><h3 class=\"fusion-title-heading title-heading-left fusion-responsive-typography-calculated\" style=\"margin:0;--fontSize:24;--minFontSize:24;line-height:1.2;\">Bougie<\/h3><\/div><div class=\"fusion-title title fusion-title-8 fusion-sep-none fusion-title-text fusion-title-size-four\" style=\"--awb-text-color:#151515;\"><h4 class=\"fusion-title-heading title-heading-left fusion-responsive-typography-calculated\" style=\"margin:0;--fontSize:22;--minFontSize:22;line-height:1.2;\">Agrumes<\/h4><\/div><div class=\"fusion-separator fusion-full-width-sep\" style=\"align-self: flex-start;margin-right:auto;margin-top:0px;margin-bottom:20px;width:100%;max-width:100%;\"><div class=\"fusion-separator-border sep-single sep-solid\" style=\"--awb-height:20px;--awb-amount:20px;--awb-sep-color:#ffffff;border-color:#ffffff;border-top-width:5px;\"><\/div><\/div><div class=\"fusion-text fusion-text-4\"><p>L\u2019huile essentielle de mandarine avec son parfum doux, fruit\u00e9 et floral, tr\u00e8s appr\u00e9ci\u00e9, est un puissant calmant et relaxant, id\u00e9al pour apaiser le stress, les angoisses et pour favoriser un sommeil r\u00e9parateur.<\/p>\n<\/div><\/div><\/div><\/div><\/section><\/p>\n","protected":false},"excerpt":{"rendered":"","protected":false},"author":4,"featured_media":0,"parent":1354,"menu_order":2,"comment_status":"closed","ping_status":"closed","template":"100-width.php","meta":{"footnotes":""},"class_list":["post-1315","page","type-page","status-publish","hentry"],"yoast_head":"<!-- This site is optimized with the Yoast SEO plugin v27.3 - https:\/\/yoast.com\/product\/yoast-seo-wordpress\/ -->\n<title>Bougies de massage - Saponessence<\/title>\n<meta name=\"robots\" content=\"index, follow, max-snippet:-1, max-image-preview:large, max-video-preview:-1\" \/>\n<link rel=\"canonical\" href=\"https:\/\/www.saponessence.com\/fr\/creation\/bougies-de-massage\/\" \/>\n<meta property=\"og:locale\" content=\"fr_FR\" \/>\n<meta property=\"og:type\" content=\"article\" \/>\n<meta property=\"og:title\" content=\"Bougies de massage - Saponessence\" \/>\n<meta property=\"og:url\" content=\"https:\/\/www.saponessence.com\/fr\/creation\/bougies-de-massage\/\" \/>\n<meta property=\"og:site_name\" content=\"Saponessence\" \/>\n<meta property=\"article:publisher\" content=\"https:\/\/www.facebook.com\/Saponessence\" \/>\n<meta property=\"article:modified_time\" content=\"2020-12-01T12:05:20+00:00\" \/>\n<meta name=\"twitter:card\" content=\"summary_large_image\" \/>\n<meta name=\"twitter:site\" content=\"@Saponessence\" \/>\n<meta name=\"twitter:label1\" content=\"Dur\u00e9e de lecture estim\u00e9e\" \/>\n\t<meta name=\"twitter:data1\" content=\"19 minutes\" \/>\n<script type=\"application\/ld+json\" class=\"yoast-schema-graph\">{\"@context\":\"https:\\\/\\\/schema.org\",\"@graph\":[{\"@type\":\"WebPage\",\"@id\":\"https:\\\/\\\/www.saponessence.com\\\/fr\\\/creation\\\/bougies-de-massage\\\/\",\"url\":\"https:\\\/\\\/www.saponessence.com\\\/fr\\\/creation\\\/bougies-de-massage\\\/\",\"name\":\"Bougies de massage - Saponessence\",\"isPartOf\":{\"@id\":\"https:\\\/\\\/www.saponessence.com\\\/fr\\\/#website\"},\"datePublished\":\"2020-08-04T10:27:05+00:00\",\"dateModified\":\"2020-12-01T12:05:20+00:00\",\"breadcrumb\":{\"@id\":\"https:\\\/\\\/www.saponessence.com\\\/fr\\\/creation\\\/bougies-de-massage\\\/#breadcrumb\"},\"inLanguage\":\"fr-FR\",\"potentialAction\":[{\"@type\":\"ReadAction\",\"target\":[\"https:\\\/\\\/www.saponessence.com\\\/fr\\\/creation\\\/bougies-de-massage\\\/\"]}]},{\"@type\":\"BreadcrumbList\",\"@id\":\"https:\\\/\\\/www.saponessence.com\\\/fr\\\/creation\\\/bougies-de-massage\\\/#breadcrumb\",\"itemListElement\":[{\"@type\":\"ListItem\",\"position\":1,\"name\":\"Accueil\",\"item\":\"https:\\\/\\\/www.saponessence.com\\\/fr\\\/\"},{\"@type\":\"ListItem\",\"position\":2,\"name\":\"Cr\u00e9ations\",\"item\":\"https:\\\/\\\/www.saponessence.com\\\/fr\\\/creation\\\/\"},{\"@type\":\"ListItem\",\"position\":3,\"name\":\"Bougies de massage\"}]},{\"@type\":\"WebSite\",\"@id\":\"https:\\\/\\\/www.saponessence.com\\\/fr\\\/#website\",\"url\":\"https:\\\/\\\/www.saponessence.com\\\/fr\\\/\",\"name\":\"Saponessence\",\"description\":\"La nature est de toute beaut\u00e9\",\"publisher\":{\"@id\":\"https:\\\/\\\/www.saponessence.com\\\/fr\\\/#organization\"},\"potentialAction\":[{\"@type\":\"SearchAction\",\"target\":{\"@type\":\"EntryPoint\",\"urlTemplate\":\"https:\\\/\\\/www.saponessence.com\\\/fr\\\/?s={search_term_string}\"},\"query-input\":{\"@type\":\"PropertyValueSpecification\",\"valueRequired\":true,\"valueName\":\"search_term_string\"}}],\"inLanguage\":\"fr-FR\"},{\"@type\":\"Organization\",\"@id\":\"https:\\\/\\\/www.saponessence.com\\\/fr\\\/#organization\",\"name\":\"Saponessence\",\"url\":\"https:\\\/\\\/www.saponessence.com\\\/fr\\\/\",\"logo\":{\"@type\":\"ImageObject\",\"inLanguage\":\"fr-FR\",\"@id\":\"https:\\\/\\\/www.saponessence.com\\\/fr\\\/#\\\/schema\\\/logo\\\/image\\\/\",\"url\":\"https:\\\/\\\/i0.wp.com\\\/www.saponessence.com\\\/wp-content\\\/uploads\\\/logo_white_sticky-saponessence-1.png?fit=250%2C54&ssl=1\",\"contentUrl\":\"https:\\\/\\\/i0.wp.com\\\/www.saponessence.com\\\/wp-content\\\/uploads\\\/logo_white_sticky-saponessence-1.png?fit=250%2C54&ssl=1\",\"width\":250,\"height\":54,\"caption\":\"Saponessence\"},\"image\":{\"@id\":\"https:\\\/\\\/www.saponessence.com\\\/fr\\\/#\\\/schema\\\/logo\\\/image\\\/\"},\"sameAs\":[\"https:\\\/\\\/www.facebook.com\\\/Saponessence\",\"https:\\\/\\\/x.com\\\/Saponessence\",\"https:\\\/\\\/www.instagram.com\\\/saponessence\\\/\"]}]}<\/script>\n<!-- \/ Yoast SEO plugin. -->","yoast_head_json":{"title":"Bougies de massage - Saponessence","robots":{"index":"index","follow":"follow","max-snippet":"max-snippet:-1","max-image-preview":"max-image-preview:large","max-video-preview":"max-video-preview:-1"},"canonical":"https:\/\/www.saponessence.com\/fr\/creation\/bougies-de-massage\/","og_locale":"fr_FR","og_type":"article","og_title":"Bougies de massage - Saponessence","og_url":"https:\/\/www.saponessence.com\/fr\/creation\/bougies-de-massage\/","og_site_name":"Saponessence","article_publisher":"https:\/\/www.facebook.com\/Saponessence","article_modified_time":"2020-12-01T12:05:20+00:00","twitter_card":"summary_large_image","twitter_site":"@Saponessence","twitter_misc":{"Dur\u00e9e de lecture estim\u00e9e":"19 minutes"},"schema":{"@context":"https:\/\/schema.org","@graph":[{"@type":"WebPage","@id":"https:\/\/www.saponessence.com\/fr\/creation\/bougies-de-massage\/","url":"https:\/\/www.saponessence.com\/fr\/creation\/bougies-de-massage\/","name":"Bougies de massage - Saponessence","isPartOf":{"@id":"https:\/\/www.saponessence.com\/fr\/#website"},"datePublished":"2020-08-04T10:27:05+00:00","dateModified":"2020-12-01T12:05:20+00:00","breadcrumb":{"@id":"https:\/\/www.saponessence.com\/fr\/creation\/bougies-de-massage\/#breadcrumb"},"inLanguage":"fr-FR","potentialAction":[{"@type":"ReadAction","target":["https:\/\/www.saponessence.com\/fr\/creation\/bougies-de-massage\/"]}]},{"@type":"BreadcrumbList","@id":"https:\/\/www.saponessence.com\/fr\/creation\/bougies-de-massage\/#breadcrumb","itemListElement":[{"@type":"ListItem","position":1,"name":"Accueil","item":"https:\/\/www.saponessence.com\/fr\/"},{"@type":"ListItem","position":2,"name":"Cr\u00e9ations","item":"https:\/\/www.saponessence.com\/fr\/creation\/"},{"@type":"ListItem","position":3,"name":"Bougies de massage"}]},{"@type":"WebSite","@id":"https:\/\/www.saponessence.com\/fr\/#website","url":"https:\/\/www.saponessence.com\/fr\/","name":"Saponessence","description":"La nature est de toute beaut\u00e9","publisher":{"@id":"https:\/\/www.saponessence.com\/fr\/#organization"},"potentialAction":[{"@type":"SearchAction","target":{"@type":"EntryPoint","urlTemplate":"https:\/\/www.saponessence.com\/fr\/?s={search_term_string}"},"query-input":{"@type":"PropertyValueSpecification","valueRequired":true,"valueName":"search_term_string"}}],"inLanguage":"fr-FR"},{"@type":"Organization","@id":"https:\/\/www.saponessence.com\/fr\/#organization","name":"Saponessence","url":"https:\/\/www.saponessence.com\/fr\/","logo":{"@type":"ImageObject","inLanguage":"fr-FR","@id":"https:\/\/www.saponessence.com\/fr\/#\/schema\/logo\/image\/","url":"https:\/\/i0.wp.com\/www.saponessence.com\/wp-content\/uploads\/logo_white_sticky-saponessence-1.png?fit=250%2C54&ssl=1","contentUrl":"https:\/\/i0.wp.com\/www.saponessence.com\/wp-content\/uploads\/logo_white_sticky-saponessence-1.png?fit=250%2C54&ssl=1","width":250,"height":54,"caption":"Saponessence"},"image":{"@id":"https:\/\/www.saponessence.com\/fr\/#\/schema\/logo\/image\/"},"sameAs":["https:\/\/www.facebook.com\/Saponessence","https:\/\/x.com\/Saponessence","https:\/\/www.instagram.com\/saponessence\/"]}]}},"jetpack_sharing_enabled":true,"_links":{"self":[{"href":"https:\/\/www.saponessence.com\/fr\/wp-json\/wp\/v2\/pages\/1315","targetHints":{"allow":["GET"]}}],"collection":[{"href":"https:\/\/www.saponessence.com\/fr\/wp-json\/wp\/v2\/pages"}],"about":[{"href":"https:\/\/www.saponessence.com\/fr\/wp-json\/wp\/v2\/types\/page"}],"author":[{"embeddable":true,"href":"https:\/\/www.saponessence.com\/fr\/wp-json\/wp\/v2\/users\/4"}],"replies":[{"embeddable":true,"href":"https:\/\/www.saponessence.com\/fr\/wp-json\/wp\/v2\/comments?post=1315"}],"version-history":[{"count":0,"href":"https:\/\/www.saponessence.com\/fr\/wp-json\/wp\/v2\/pages\/1315\/revisions"}],"up":[{"embeddable":true,"href":"https:\/\/www.saponessence.com\/fr\/wp-json\/wp\/v2\/pages\/1354"}],"wp:attachment":[{"href":"https:\/\/www.saponessence.com\/fr\/wp-json\/wp\/v2\/media?parent=1315"}],"curies":[{"name":"wp","href":"https:\/\/api.w.org\/{rel}","templated":true}]}}